{"id":736,"date":"2024-07-13T09:28:58","date_gmt":"2024-07-13T09:28:58","guid":{"rendered":"https:\/\/villafortuna.hr\/?page_id=736"},"modified":"2024-07-13T09:42:29","modified_gmt":"2024-07-13T09:42:29","slug":"contact","status":"publish","type":"page","link":"https:\/\/villafortuna.hr\/hr\/contact\/","title":{"rendered":"Kontakt"},"content":{"rendered":"\t\t<div data-elementor-type=\"wp-page\" data-elementor-id=\"736\" class=\"elementor elementor-736\" data-elementor-post-type=\"page\">\n\t\t\t\t<div class=\"elementor-element elementor-element-a9a7306 e-flex e-con-boxed e-con e-parent\" data-id=\"a9a7306\" data-element_type=\"container\" data-e-type=\"container\" data-settings=\"{&quot;background_background&quot;:&quot;classic&quot;}\">\n\t\t\t\t\t<div class=\"e-con-inner\">\n\t\t\t\t<div class=\"elementor-element elementor-element-d6148e5 elementor-view-stacked elementor-position-inline-start elementor-widget__width-inherit elementor-mobile-position-inline-start elementor-shape-circle elementor-widget elementor-widget-icon-box\" data-id=\"d6148e5\" data-element_type=\"widget\" data-e-type=\"widget\" data-widget_type=\"icon-box.default\">\n\t\t\t\t<div class=\"elementor-widget-container\">\n\t\t\t\t\t\t\t<div class=\"elementor-icon-box-wrapper\">\n\n\t\t\t\t\t\t<div class=\"elementor-icon-box-icon\">\n\t\t\t\t<a href=\"tel:+385%2091%206555%20556\" class=\"elementor-icon\" tabindex=\"-1\" aria-label=\"+385 91 6555 556\">\n\t\t\t\t<svg xmlns=\"http:\/\/www.w3.org\/2000\/svg\" id=\"Layer_1\" data-name=\"Layer 1\" viewBox=\"0 0 24 24\" width=\"512\" height=\"512\"><path d=\"M15.045,0c-.027-.001-6.063-.001-6.09,0-2.736,.024-4.955,2.258-4.955,4.999v14c0,2.757,2.243,5,5,5h6c2.757,0,5-2.243,5-5V5C20,2.258,17.781,.025,15.045,0Zm2.955,18.999c0,1.654-1.346,3-3,3h-6c-1.654,0-3-1.346-3-3V5c0-1.453,1.038-2.667,2.411-2.942l.694,1.389c.169,.339,.516,.553,.895,.553h4c.379,0,.725-.214,.895-.553l.694-1.389c1.373,.274,2.411,1.489,2.411,2.942v14Zm-5,1h-2c-.552,0-1-.448-1-1h0c0-.552,.448-1,1-1h2c.552,0,1,.448,1,1h0c0,.552-.448,1-1,1Z\"><\/path><\/svg>\t\t\t\t<\/a>\n\t\t\t<\/div>\n\t\t\t\n\t\t\t\t\t\t<div class=\"elementor-icon-box-content\">\n\n\t\t\t\t\t\t\t\t\t<div class=\"elementor-icon-box-title\">\n\t\t\t\t\t\t<a href=\"tel:+385%2091%206555%20556\" >\n\t\t\t\t\t\t\t+385 91 6555 556\t\t\t\t\t\t<\/a>\n\t\t\t\t\t<\/div>\n\t\t\t\t\n\t\t\t\t\t\t\t\t\t<p class=\"elementor-icon-box-description\">\n\t\t\t\t\t\tBroj telefona\t\t\t\t\t<\/p>\n\t\t\t\t\n\t\t\t<\/div>\n\t\t\t\n\t\t<\/div>\n\t\t\t\t\t\t<\/div>\n\t\t\t\t<\/div>\n\t\t\t\t<div class=\"elementor-element elementor-element-baf636a elementor-view-stacked elementor-position-inline-start elementor-widget__width-inherit elementor-mobile-position-inline-start elementor-shape-circle elementor-widget elementor-widget-icon-box\" data-id=\"baf636a\" data-element_type=\"widget\" data-e-type=\"widget\" data-widget_type=\"icon-box.default\">\n\t\t\t\t<div class=\"elementor-widget-container\">\n\t\t\t\t\t\t\t<div class=\"elementor-icon-box-wrapper\">\n\n\t\t\t\t\t\t<div class=\"elementor-icon-box-icon\">\n\t\t\t\t<a href=\"mailto:info@villafortuna.hr\" class=\"elementor-icon\" tabindex=\"-1\" aria-label=\"info@villafortuna.hr\">\n\t\t\t\t<svg xmlns=\"http:\/\/www.w3.org\/2000\/svg\" id=\"Layer_1\" data-name=\"Layer 1\" viewBox=\"0 0 24 24\"><path d=\"m22.459,9.098l-1.459-1.398v-3.7c0-2.206-1.794-4-4-4H7C4.794,0,3,1.794,3,4v3.7l-1.459,1.397c-.979.938-1.541,2.254-1.541,3.61v6.293c0,2.757,2.243,5,5,5h14c2.757,0,5-2.243,5-5v-6.293c0-1.356-.562-2.672-1.541-3.609ZM7,2h10c1.103,0,2,.897,2,2v8.242l-4.879,4.879c-1.133,1.133-3.109,1.133-4.242,0l-4.879-4.879V4c0-1.103.897-2,2-2Zm15,17c0,1.654-1.346,3-3,3H5c-1.654,0-3-1.346-3-3v-6.293c0-.195.022-.388.059-.577l6.406,6.406c.943.944,2.199,1.465,3.535,1.465s2.592-.521,3.535-1.465l6.406-6.406c.037.189.059.383.059.577v6.293ZM7.319,9.536c-.404-.376-.428-1.009-.052-1.413.377-.405,1.011-.426,1.413-.052l1.851,1.721c.269.268.666.269.911.024l3.863-3.724c.398-.384,1.031-.371,1.414.025.384.397.372,1.031-.025,1.414l-3.851,3.712c-.504.504-1.171.756-1.839.756-.673,0-1.348-.256-1.861-.768l-1.824-1.696Z\"><\/path><\/svg>\t\t\t\t<\/a>\n\t\t\t<\/div>\n\t\t\t\n\t\t\t\t\t\t<div class=\"elementor-icon-box-content\">\n\n\t\t\t\t\t\t\t\t\t<div class=\"elementor-icon-box-title\">\n\t\t\t\t\t\t<a href=\"mailto:info@villafortuna.hr\" >\n\t\t\t\t\t\t\tinfo@villafortuna.hr\t\t\t\t\t\t<\/a>\n\t\t\t\t\t<\/div>\n\t\t\t\t\n\t\t\t\t\t\t\t\t\t<p class=\"elementor-icon-box-description\">\n\t\t\t\t\t\tE-MAIL ADresa\t\t\t\t\t<\/p>\n\t\t\t\t\n\t\t\t<\/div>\n\t\t\t\n\t\t<\/div>\n\t\t\t\t\t\t<\/div>\n\t\t\t\t<\/div>\n\t\t\t\t<div class=\"elementor-element elementor-element-203e372 elementor-view-stacked elementor-position-inline-start elementor-widget__width-inherit elementor-mobile-position-inline-start elementor-shape-circle elementor-widget elementor-widget-icon-box\" data-id=\"203e372\" data-element_type=\"widget\" data-e-type=\"widget\" data-widget_type=\"icon-box.default\">\n\t\t\t\t<div class=\"elementor-widget-container\">\n\t\t\t\t\t\t\t<div class=\"elementor-icon-box-wrapper\">\n\n\t\t\t\t\t\t<div class=\"elementor-icon-box-icon\">\n\t\t\t\t<a href=\"https:\/\/www.google.com\/maps\/place\/Brna,+20272,+Smokvica\/data=!4m2!3m1!1s0x134a6bd20d44d659:0x56e2f9e9dd54e124?sa=X&#038;ved=1t:242&#038;ictx=111\" target=\"_blank\" class=\"elementor-icon\" tabindex=\"-1\" aria-label=\"Brna 362, Island of Kor\u010dula\" rel=\"noopener\">\n\t\t\t\t<svg xmlns=\"http:\/\/www.w3.org\/2000\/svg\" id=\"Layer_1\" data-name=\"Layer 1\" viewBox=\"0 0 24 24\"><path d=\"m23,12c-.553,0-1,.447-1,1v3h-6.086l-5.914-5.914V2h1c.552,0,1-.447,1-1s-.448-1-1-1h-6C2.243,0,0,2.243,0,5v14c0,2.757,2.243,5,5,5h14c2.757,0,5-2.243,5-5v-6c0-.553-.447-1-1-1ZM5,2h3v7.9l-6,3.199V5c0-1.654,1.346-3,3-3Zm-3,17v-3.633l6.817-3.636,5.362,5.362-3.679,4.906h-5.5c-1.654,0-3-1.346-3-3Zm17,3h-6l3-4h6v1c0,1.654-1.346,3-3,3Zm-2.549-10.811c.564.553,1.307.829,2.049.828.742,0,1.484-.275,2.049-.828l1.84-1.801c1.039-1.038,1.611-2.419,1.611-3.889s-.572-2.851-1.611-3.889c-1.039-1.039-2.42-1.611-3.889-1.611s-2.851.572-3.889,1.611c-1.039,1.038-1.611,2.419-1.611,3.889s.572,2.851,1.619,3.896l1.832,1.793Zm-.426-8.164c.661-.661,1.539-1.025,2.475-1.025s1.813.364,2.475,1.025,1.025,1.54,1.025,2.475-.364,1.813-1.018,2.467l-1.832,1.793c-.359.35-.941.352-1.301,0l-1.824-1.785c-.661-.661-1.025-1.54-1.025-2.475s.364-1.813,1.025-2.475Zm.974,2.469c0-.828.672-1.5,1.5-1.5s1.5.672,1.5,1.5-.672,1.5-1.5,1.5-1.5-.672-1.5-1.5Z\"><\/path><\/svg>\t\t\t\t<\/a>\n\t\t\t<\/div>\n\t\t\t\n\t\t\t\t\t\t<div class=\"elementor-icon-box-content\">\n\n\t\t\t\t\t\t\t\t\t<div class=\"elementor-icon-box-title\">\n\t\t\t\t\t\t<a href=\"https:\/\/www.google.com\/maps\/place\/Brna,+20272,+Smokvica\/data=!4m2!3m1!1s0x134a6bd20d44d659:0x56e2f9e9dd54e124?sa=X&#038;ved=1t:242&#038;ictx=111\" target=\"_blank\" rel=\"noopener\">\n\t\t\t\t\t\t\tBrna 362, Island of Kor\u010dula\t\t\t\t\t\t<\/a>\n\t\t\t\t\t<\/div>\n\t\t\t\t\n\t\t\t\t\t\t\t\t\t<p class=\"elementor-icon-box-description\">\n\t\t\t\t\t\tLokacija\t\t\t\t\t<\/p>\n\t\t\t\t\n\t\t\t<\/div>\n\t\t\t\n\t\t<\/div>\n\t\t\t\t\t\t<\/div>\n\t\t\t\t<\/div>\n\t\t\t\t\t<\/div>\n\t\t\t\t<\/div>\n\t\t<div class=\"elementor-element elementor-element-17fb086 e-flex e-con-boxed e-con e-parent\" data-id=\"17fb086\" data-element_type=\"container\" data-e-type=\"container\">\n\t\t\t\t\t<div class=\"e-con-inner\">\n\t\t<div class=\"elementor-element elementor-element-cd02e75 e-con-full e-flex e-con e-child\" data-id=\"cd02e75\" data-element_type=\"container\" data-e-type=\"container\">\n\t\t\t\t<div class=\"elementor-element elementor-element-2e9ddf0 elementor-widget elementor-widget-heading\" data-id=\"2e9ddf0\" data-element_type=\"widget\" data-e-type=\"widget\" data-widget_type=\"heading.default\">\n\t\t\t\t<div class=\"elementor-widget-container\">\n\t\t\t\t\t<h2 class=\"elementor-heading-title elementor-size-default\">Kako biste nas kontaktirali, ispunite obrazac<\/h2>\t\t\t\t<\/div>\n\t\t\t\t<\/div>\n\t\t\t\t<div class=\"elementor-element elementor-element-eec0b15 elementor-widget__width-initial elementor-widget elementor-widget-text-editor\" data-id=\"eec0b15\" data-element_type=\"widget\" data-e-type=\"widget\" data-widget_type=\"text-editor.default\">\n\t\t\t\t<div class=\"elementor-widget-container\">\n\t\t\t\t\t\t\t\t\t<p>Voljeli bismo \u010duti va\u0161e mi\u0161ljenje! Bilo da imate pitanja o na\u0161im luksuznim apartmanima, trebate pomo\u0107 oko rezervacije ili \u017eelite vi\u0161e informacija o svom boravku na prekrasnom otoku Kor\u010duli, na\u0161 predani tim je tu da vam pomogne.<\/p>\t\t\t\t\t\t\t\t<\/div>\n\t\t\t\t<\/div>\n\t\t\t\t<\/div>\n\t\t\t\t\t<\/div>\n\t\t\t\t<\/div>\n\t\t<div class=\"elementor-element elementor-element-925459b e-flex e-con-boxed e-con e-parent\" data-id=\"925459b\" data-element_type=\"container\" data-e-type=\"container\">\n\t\t\t\t\t<div class=\"e-con-inner\">\n\t\t<div class=\"elementor-element elementor-element-5019d7f e-con-full e-flex e-con e-child\" data-id=\"5019d7f\" data-element_type=\"container\" data-e-type=\"container\">\n\t\t\t\t<div class=\"elementor-element elementor-element-b5c34f2 elementor-widget elementor-widget-google_maps\" data-id=\"b5c34f2\" data-element_type=\"widget\" data-e-type=\"widget\" data-widget_type=\"google_maps.default\">\n\t\t\t\t<div class=\"elementor-widget-container\">\n\t\t\t\t\t\t\t<div class=\"elementor-custom-embed\">\n\t\t\t<iframe loading=\"lazy\"\n\t\t\t\t\tsrc=\"https:\/\/www.google.com\/maps\/embed\/v1\/place?key=AIzaSyDRwkoEZD5muXWhud2eiNbwNNFjfsaf2uY&#038;q=Brna%20362%2C%20Island%20of%20Kor%C4%8Dula&#038;zoom=10\"\n\t\t\t\t\ttitle=\"Brna 362, Island of Kor\u010dula\"\n\t\t\t\t\taria-label=\"Brna 362, Island of Kor\u010dula\"\n\t\t\t><\/iframe>\n\t\t<\/div>\n\t\t\t\t\t\t<\/div>\n\t\t\t\t<\/div>\n\t\t\t\t<\/div>\n\t\t<div class=\"elementor-element elementor-element-a9f7c10 e-con-full e-flex e-con e-child\" data-id=\"a9f7c10\" data-element_type=\"container\" data-e-type=\"container\">\n\t\t\t\t<div class=\"elementor-element elementor-element-4a07c35 elementor-button-align-stretch elementor-widget elementor-widget-form\" data-id=\"4a07c35\" data-element_type=\"widget\" data-e-type=\"widget\" data-settings=\"{&quot;step_next_label&quot;:&quot;Next&quot;,&quot;step_previous_label&quot;:&quot;Previous&quot;,&quot;button_width&quot;:&quot;100&quot;,&quot;step_type&quot;:&quot;number_text&quot;,&quot;step_icon_shape&quot;:&quot;circle&quot;}\" data-widget_type=\"form.default\">\n\t\t\t\t<div class=\"elementor-widget-container\">\n\t\t\t\t\t\t\t<form class=\"elementor-form\" method=\"post\" name=\"New Form\" aria-label=\"New Form\">\n\t\t\t<input type=\"hidden\" name=\"post_id\" value=\"736\"\/>\n\t\t\t<input type=\"hidden\" name=\"form_id\" value=\"4a07c35\"\/>\n\t\t\t<input type=\"hidden\" name=\"referer_title\" value=\"\" \/>\n\n\t\t\t\n\t\t\t<div class=\"elementor-form-fields-wrapper elementor-labels-\">\n\t\t\t\t\t\t\t\t<div class=\"elementor-field-type-text elementor-field-group elementor-column elementor-field-group-name elementor-col-100\">\n\t\t\t\t\t\t\t\t\t\t\t\t<label for=\"form-field-name\" class=\"elementor-field-label elementor-screen-only\">\n\t\t\t\t\t\t\t\tVa\u0161e ime\t\t\t\t\t\t\t<\/label>\n\t\t\t\t\t\t\t\t\t\t\t\t\t\t<input size=\"1\" type=\"text\" name=\"form_fields[name]\" id=\"form-field-name\" class=\"elementor-field elementor-size-lg  elementor-field-textual\" placeholder=\"Va\u0161e ime\">\n\t\t\t\t\t\t\t\t\t\t\t<\/div>\n\t\t\t\t\t\t\t\t<div class=\"elementor-field-type-email elementor-field-group elementor-column elementor-field-group-email elementor-col-100 elementor-field-required\">\n\t\t\t\t\t\t\t\t\t\t\t\t<label for=\"form-field-email\" class=\"elementor-field-label elementor-screen-only\">\n\t\t\t\t\t\t\t\tVa\u0161 E-mail\t\t\t\t\t\t\t<\/label>\n\t\t\t\t\t\t\t\t\t\t\t\t\t\t<input size=\"1\" type=\"email\" name=\"form_fields[email]\" id=\"form-field-email\" class=\"elementor-field elementor-size-lg  elementor-field-textual\" placeholder=\"Va\u0161 E-mail\" required=\"required\">\n\t\t\t\t\t\t\t\t\t\t\t<\/div>\n\t\t\t\t\t\t\t\t<div class=\"elementor-field-type-textarea elementor-field-group elementor-column elementor-field-group-message elementor-col-100\">\n\t\t\t\t\t\t\t\t\t\t\t\t<label for=\"form-field-message\" class=\"elementor-field-label elementor-screen-only\">\n\t\t\t\t\t\t\t\tUpi\u0161ite upit\t\t\t\t\t\t\t<\/label>\n\t\t\t\t\t\t<textarea class=\"elementor-field-textual elementor-field  elementor-size-lg\" name=\"form_fields[message]\" id=\"form-field-message\" rows=\"4\" placeholder=\"Upi\u0161ite upit\"><\/textarea>\t\t\t\t<\/div>\n\t\t\t\t\t\t\t\t<div class=\"elementor-field-type-recaptcha_v3 elementor-field-group elementor-column elementor-field-group-field_ef63ba9 elementor-col-100 recaptcha_v3-bottomright\">\n\t\t\t\t\t<div class=\"elementor-field\" id=\"form-field-field_ef63ba9\"><div class=\"elementor-g-recaptcha\" data-sitekey=\"6LcbPhIqAAAAADr6xtKAomyxSakpeGUwrYOYUcej\" data-type=\"v3\" data-action=\"Form\" data-badge=\"bottomright\" data-size=\"invisible\"><\/div><\/div>\t\t\t\t<\/div>\n\t\t\t\t\t\t\t\t<div class=\"elementor-field-group elementor-column elementor-field-type-submit elementor-col-100 e-form__buttons\">\n\t\t\t\t\t<button class=\"elementor-button elementor-size-sm\" type=\"submit\">\n\t\t\t\t\t\t<span class=\"elementor-button-content-wrapper\">\n\t\t\t\t\t\t\t\t\t\t\t\t\t\t\t\t\t\t\t\t\t\t<span class=\"elementor-button-text\">Send<\/span>\n\t\t\t\t\t\t\t\t\t\t\t\t\t<\/span>\n\t\t\t\t\t<\/button>\n\t\t\t\t<\/div>\n\t\t\t<\/div>\n\t\t<\/form>\n\t\t\t\t\t\t<\/div>\n\t\t\t\t<\/div>\n\t\t\t\t<\/div>\n\t\t\t\t\t<\/div>\n\t\t\t\t<\/div>\n\t\t\t\t<\/div>\n\t\t","protected":false},"excerpt":{"rendered":"<p>+385 91 6555 556 Broj telefona info@villafortuna.hr E-MAIL ADresa Brna 362, Island of Kor\u010dula Lokacija Kako biste nas kontaktirali, ispunite obrazac Voljeli bismo \u010duti va\u0161e mi\u0161ljenje! Bilo da imate pitanja o na\u0161im luksuznim apartmanima, trebate pomo\u0107 oko rezervacije ili \u017eelite vi\u0161e informacija o svom boravku na prekrasnom otoku Kor\u010duli, na\u0161 predani tim je tu da [&hellip;]<\/p>\n","protected":false},"author":1,"featured_media":0,"parent":0,"menu_order":0,"comment_status":"closed","ping_status":"closed","template":"","meta":{"footnotes":""},"class_list":["post-736","page","type-page","status-publish","hentry"],"lang":"hr","translations":{"hr":736,"en":26,"de":808},"pll_sync_post":[],"_links":{"self":[{"href":"https:\/\/villafortuna.hr\/wp-json\/wp\/v2\/pages\/736","targetHints":{"allow":["GET"]}}],"collection":[{"href":"https:\/\/villafortuna.hr\/wp-json\/wp\/v2\/pages"}],"about":[{"href":"https:\/\/villafortuna.hr\/wp-json\/wp\/v2\/types\/page"}],"author":[{"embeddable":true,"href":"https:\/\/villafortuna.hr\/wp-json\/wp\/v2\/users\/1"}],"replies":[{"embeddable":true,"href":"https:\/\/villafortuna.hr\/wp-json\/wp\/v2\/comments?post=736"}],"version-history":[{"count":7,"href":"https:\/\/villafortuna.hr\/wp-json\/wp\/v2\/pages\/736\/revisions"}],"predecessor-version":[{"id":762,"href":"https:\/\/villafortuna.hr\/wp-json\/wp\/v2\/pages\/736\/revisions\/762"}],"wp:attachment":[{"href":"https:\/\/villafortuna.hr\/wp-json\/wp\/v2\/media?parent=736"}],"curies":[{"name":"wp","href":"https:\/\/api.w.org\/{rel}","templated":true}]}}